{"id":8060,"date":"2023-02-08T08:00:19","date_gmt":"2023-02-08T08:00:19","guid":{"rendered":"https:\/\/louismax.51-210-255-92.plesk.page\/?page_id=8060"},"modified":"2026-02-02T10:49:55","modified_gmt":"2026-02-02T10:49:55","slug":"nos-vins-du-pays-d-oc","status":"publish","type":"page","link":"https:\/\/louismax.com\/en\/nos-vins-du-pays-d-oc\/","title":{"rendered":"Nos Vins du Pays D&rsquo;oc"},"content":{"rendered":"\t\t<div data-elementor-type=\"wp-page\" data-elementor-id=\"8060\" class=\"elementor elementor-8060\" data-elementor-post-type=\"page\">\n\t\t\t\t\t\t<section class=\"elementor-section elementor-top-section elementor-element elementor-element-e8d1a4b elementor-section-full_width elementor-section-stretched elementor-section-height-default elementor-section-height-default\" data-id=\"e8d1a4b\" data-element_type=\"section\" data-e-type=\"section\" data-settings=\"{&quot;stretch_section&quot;:&quot;section-stretched&quot;,&quot;background_background&quot;:&quot;classic&quot;}\" data-no-translation=\"\">\n\t\t\t\t\t\t<div class=\"elementor-container elementor-column-gap-default\">\n\t\t\t\t\t<div class=\"elementor-column elementor-col-100 elementor-top-column elementor-element elementor-element-053a4fd\" data-id=\"053a4fd\" data-element_type=\"column\" data-e-type=\"column\">\n\t\t\t<div class=\"elementor-widget-wrap elementor-element-populated\">\n\t\t\t\t\t\t<section class=\"elementor-section elementor-inner-section elementor-element elementor-element-7fd53b2 elementor-section-boxed elementor-section-height-default elementor-section-height-default\" data-id=\"7fd53b2\" data-element_type=\"section\" data-e-type=\"section\">\n\t\t\t\t\t\t<div class=\"elementor-container elementor-column-gap-default\">\n\t\t\t\t\t<div class=\"elementor-column elementor-col-100 elementor-inner-column elementor-element elementor-element-73c7bc1\" data-id=\"73c7bc1\" data-element_type=\"column\" data-e-type=\"column\">\n\t\t\t<div class=\"elementor-widget-wrap elementor-element-populated\">\n\t\t\t\t\t\t<div class=\"elementor-element elementor-element-b70fed7 elementor-widget elementor-widget-heading\" data-id=\"b70fed7\" data-element_type=\"widget\" data-e-type=\"widget\" data-widget_type=\"heading.default\">\n\t\t\t\t<div class=\"elementor-widget-container\">\n\t\t\t\t\t<h2 class=\"elementor-heading-title elementor-size-default\">OUR WINES FROM PAYS D'OC<\/h2>\t\t\t\t<\/div>\n\t\t\t\t<\/div>\n\t\t\t\t<div class=\"elementor-element elementor-element-dd305c3 elementor-widget elementor-widget-spacer\" data-id=\"dd305c3\" data-element_type=\"widget\" data-e-type=\"widget\" data-widget_type=\"spacer.default\">\n\t\t\t\t<div class=\"elementor-widget-container\">\n\t\t\t\t\t\t\t<div class=\"elementor-spacer\">\n\t\t\t<div class=\"elementor-spacer-inner\"><\/div>\n\t\t<\/div>\n\t\t\t\t\t\t<\/div>\n\t\t\t\t<\/div>\n\t\t\t\t<div class=\"elementor-element elementor-element-92d517f elementor-widget elementor-widget-heading\" data-id=\"92d517f\" data-element_type=\"widget\" data-e-type=\"widget\" data-widget_type=\"heading.default\">\n\t\t\t\t<div class=\"elementor-widget-container\">\n\t\t\t\t\t<h2 class=\"elementor-heading-title elementor-size-default\">Our selection of Bourgogne wines brings together the best wines and reflects all the uniqueness of each Bourgogne terroir.\u2028<br>\nFrom North to South, we search among all appellations, \u00ab\u00a0Climats\u00a0\u00bb and grape varieties for high quality wines for your greatest pleasure.<br>\n\u2028From Bourgogne, our region of origin, to the south of France, passing through the C\u00f4tes du Rh\u00f4ne, our catalog of wines is distinguished by a beautiful freshness and elegance, signature of the Maison Louis Max.\n<\/h2>\t\t\t\t<\/div>\n\t\t\t\t<\/div>\n\t\t\t\t<div class=\"elementor-element elementor-element-ff55f76 elementor-widget elementor-widget-spacer\" data-id=\"ff55f76\" data-element_type=\"widget\" data-e-type=\"widget\" data-widget_type=\"spacer.default\">\n\t\t\t\t<div class=\"elementor-widget-container\">\n\t\t\t\t\t\t\t<div class=\"elementor-spacer\">\n\t\t\t<div class=\"elementor-spacer-inner\"><\/div>\n\t\t<\/div>\n\t\t\t\t\t\t<\/div>\n\t\t\t\t<\/div>\n\t\t\t\t<div class=\"elementor-element elementor-element-e0c0834 elementor-widget elementor-widget-spacer\" data-id=\"e0c0834\" data-element_type=\"widget\" data-e-type=\"widget\" data-widget_type=\"spacer.default\">\n\t\t\t\t<div class=\"elementor-widget-container\">\n\t\t\t\t\t\t\t<div class=\"elementor-spacer\">\n\t\t\t<div class=\"elementor-spacer-inner\"><\/div>\n\t\t<\/div>\n\t\t\t\t\t\t<\/div>\n\t\t\t\t<\/div>\n\t\t\t\t\t<\/div>\n\t\t<\/div>\n\t\t\t\t\t<\/div>\n\t\t<\/section>\n\t\t\t\t<section class=\"elementor-section elementor-inner-section elementor-element elementor-element-0e841a9 elementor-section-boxed elementor-section-height-default elementor-section-height-default\" data-id=\"0e841a9\" data-element_type=\"section\" data-e-type=\"section\">\n\t\t\t\t\t\t<div class=\"elementor-container elementor-column-gap-default\">\n\t\t\t\t\t<div class=\"elementor-column elementor-col-100 elementor-inner-column elementor-element elementor-element-720c282\" data-id=\"720c282\" data-element_type=\"column\" data-e-type=\"column\">\n\t\t\t<div class=\"elementor-widget-wrap elementor-element-populated\">\n\t\t\t\t\t\t<div class=\"elementor-element elementor-element-f90acf0 elementor-widget elementor-widget-heading\" data-id=\"f90acf0\" data-element_type=\"widget\" data-e-type=\"widget\" data-widget_type=\"heading.default\">\n\t\t\t\t<div class=\"elementor-widget-container\">\n\t\t\t\t\t<h2 class=\"elementor-heading-title elementor-size-default\">THE WINES LOUIS MAX x DAVID DUBAND<\/h2>\t\t\t\t<\/div>\n\t\t\t\t<\/div>\n\t\t\t\t<div class=\"elementor-element elementor-element-22294b5 elementor-widget elementor-widget-spacer\" data-id=\"22294b5\" data-element_type=\"widget\" data-e-type=\"widget\" data-widget_type=\"spacer.default\">\n\t\t\t\t<div class=\"elementor-widget-container\">\n\t\t\t\t\t\t\t<div class=\"elementor-spacer\">\n\t\t\t<div class=\"elementor-spacer-inner\"><\/div>\n\t\t<\/div>\n\t\t\t\t\t\t<\/div>\n\t\t\t\t<\/div>\n\t\t\t\t<div class=\"elementor-element elementor-element-9c255a8 elementor-widget elementor-widget-heading\" data-id=\"9c255a8\" data-element_type=\"widget\" data-e-type=\"widget\" data-widget_type=\"heading.default\">\n\t\t\t\t<div class=\"elementor-widget-container\">\n\t\t\t\t\t<h2 class=\"elementor-heading-title elementor-size-default\">These wines come from our love and our passion for the Bourgogne grape varieties, so we wanted to bring this approach to the terroirs of the south of France. Pinot Noir and Chardonnay make these wines recognizable by their freshness and elegance.<\/h2>\t\t\t\t<\/div>\n\t\t\t\t<\/div>\n\t\t\t\t\t<\/div>\n\t\t<\/div>\n\t\t\t\t\t<\/div>\n\t\t<\/section>\n\t\t\t\t<div class=\"elementor-element elementor-element-862449a elementor-widget elementor-widget-slider_revolution\" data-id=\"862449a\" data-element_type=\"widget\" data-e-type=\"widget\" data-widget_type=\"slider_revolution.default\">\n\t\t\t\t<div class=\"elementor-widget-container\">\n\t\t\t\t\t\n\t\t<div class=\"wp-block-themepunch-revslider\">\n\t\t\t\t<p class=\"rs-p-wp-fix\"><\/p>\n\t\t\t\t<sr7-module data-alias=\"slider-3-1\" data-id=\"11\" id=\"SR7_11_2\" class=\"rs-ov-hidden\" data-version=\"6.7.51\">\n\t\t\t\t\t<sr7-adjuster><\/sr7-adjuster>\n\t\t\t\t\t<sr7-content>\n\t\t\t\t\t\t<sr7-slide id=\"SR7_11_2-11\" data-key=\"11\">\n\t\t\t\t\t\t<\/sr7-slide>\n\t\t\t\t\t\t<sr7-slide id=\"SR7_11_2-21\" data-key=\"21\">\n\t\t\t\t\t\t<\/sr7-slide>\n\t\t\t\t\t<\/sr7-content>\n\t\t\t\t\t<image_lists style=\"display:none\">\n\t\t\t\t\t\t<img data-src=\"\/\/louismax.com\/wp-content\/uploads\/2022\/04\/carte-2-copy.png\" data-libid=\"6752\" data-lib=\"medialibrary\" alt=\"Louis Max commercialise des vins du Sud de la France\" title=\"carte 2 copy\" width=\"0\" height=\"0\" data-dbsrc=\"Ly9sb3Vpc21heC5jb20vd3AtY29udGVudC91cGxvYWRzLzIwMjIvMDQvY2FydGUtMi1jb3B5LnBuZw==\"\/>\n\t\t\t\t\t\t<img data-src=\"\/\/louismax.com\/wp-content\/uploads\/2023\/02\/221226_LOUIS-MAX-DAVID-DUBAND_Plan-de-travail-1.png\" data-libid=\"8197\" data-lib=\"medialibrary\" title=\"221226_LOUIS-MAX-DAVID-DUBAND_Plan de travail 1\" width=\"0\" height=\"0\" data-dbsrc=\"Ly9sb3Vpc21heC5jb20vd3AtY29udGVudC91cGxvYWRzLzIwMjMvMDIvMjIxMjI2X0xPVUlTLU1BWC1EQVZJRC1EVUJBTkRfUGxhbi1kZS10cmF2YWlsLTEucG5n\"\/>\n\t\t\t\t\t\t<img data-src=\"\/\/louismax.com\/wp-content\/uploads\/2023\/02\/efffs.png\" data-libid=\"8176\" data-lib=\"medialibrary\" title=\"efffs\" width=\"0\" height=\"0\" data-dbsrc=\"Ly9sb3Vpc21heC5jb20vd3AtY29udGVudC91cGxvYWRzLzIwMjMvMDIvZWZmZnMucG5n\"\/>\n\t\t\t\t\t\t<img loading=\"lazy\" data-src=\"\/\/louismax.com\/wp-content\/uploads\/2023\/02\/Grey-Arrow-Curve-Path-R.gif\" data-libid=\"8198\" data-lib=\"medialibrary\" title=\"Grey-Arrow-Curve-Path-R\" width=\"0\" height=\"0\" data-dbsrc=\"Ly9sb3Vpc21heC5jb20vd3AtY29udGVudC91cGxvYWRzLzIwMjMvMDIvR3JleS1BcnJvdy1DdXJ2ZS1QYXRoLVIuZ2lm\"\/>\n\t\t\t\t\t\t<img loading=\"lazy\" data-src=\"\/\/louismax.com\/wp-content\/uploads\/2022\/04\/bullet.png\" data-libid=\"6604\" data-lib=\"medialibrary\" alt=\"Appellations Vins de Bourgogne\" title=\"bullet\" width=\"0\" height=\"0\" data-dbsrc=\"Ly9sb3Vpc21heC5jb20vd3AtY29udGVudC91cGxvYWRzLzIwMjIvMDQvYnVsbGV0LnBuZw==\"\/>\n\t\t\t\t\t<\/image_lists>\n\t\t\t\t<\/sr7-module>\n\t\t\t\t<script>\n\t\t\t\t\twindow.SR7 ??={};SR7.PMH ??={}; SR7.PMH[\"SR7_11_2\"] = {cn:100,state:false,fn: function() { if (window._tpt!==undefined && window._tpt.prepareModuleHeight !== undefined) {  _tpt.prepareModuleHeight({id:\"SR7_11_2\",el:[850,850,768,960,720],type:'standard',shdw:'0',gh:[850,850,,,],gw:[1920,1920,,,],vpt:['-200px'],size:{fullWidth:true, fullHeight:false},mh:'0',onh:0,onw:0,bg:{color:'{\"orig\":\"transparent\",\"type\":\"solid\",\"string\":\"transparent\"}'}});   SR7.PMH[\"SR7_11_2\"].state=true;} else if(SR7.PMH[\"SR7_11_2\"].cn-->0)\tsetTimeout( SR7.PMH[\"SR7_11_2\"].fn,19);}};SR7.PMH[\"SR7_11_2\" ].fn();\n\t\t\t\t<\/script>\n<\/div>\n\n\t\t\t\t\t\t<\/div>\n\t\t\t\t<\/div>\n\t\t\t\t\t<\/div>\n\t\t<\/div>\n\t\t\t\t\t<\/div>\n\t\t<\/section>\n\t\t\t\t<\/div>\n\t\t","protected":false},"excerpt":{"rendered":"<p>NOS VINS DU PAYS D&rsquo;OC LES VINS LOUIS MAX &amp; DAVID DUBAND Ces vins sont issus de notre amour et notre passion pour les c\u00e9pages de Bourgogne, ainsi nous avons souhait\u00e9 amener cette approche Bourguignone sur des terroirs du sud de la France. Des vins reconnaissables par leur fraicheur et leur \u00e9l\u00e9gance apport\u00e9e par le [&hellip;]<\/p>\n","protected":false},"author":1,"featured_media":0,"parent":0,"menu_order":0,"comment_status":"closed","ping_status":"closed","template":"","meta":{"footnotes":""},"class_list":["post-8060","page","type-page","status-publish","hentry"],"_links":{"self":[{"href":"https:\/\/louismax.com\/en\/wp-json\/wp\/v2\/pages\/8060","targetHints":{"allow":["GET"]}}],"collection":[{"href":"https:\/\/louismax.com\/en\/wp-json\/wp\/v2\/pages"}],"about":[{"href":"https:\/\/louismax.com\/en\/wp-json\/wp\/v2\/types\/page"}],"author":[{"embeddable":true,"href":"https:\/\/louismax.com\/en\/wp-json\/wp\/v2\/users\/1"}],"replies":[{"embeddable":true,"href":"https:\/\/louismax.com\/en\/wp-json\/wp\/v2\/comments?post=8060"}],"version-history":[{"count":10,"href":"https:\/\/louismax.com\/en\/wp-json\/wp\/v2\/pages\/8060\/revisions"}],"predecessor-version":[{"id":8367,"href":"https:\/\/louismax.com\/en\/wp-json\/wp\/v2\/pages\/8060\/revisions\/8367"}],"wp:attachment":[{"href":"https:\/\/louismax.com\/en\/wp-json\/wp\/v2\/media?parent=8060"}],"curies":[{"name":"wp","href":"https:\/\/api.w.org\/{rel}","templated":true}]}}