{"id":379,"date":"2021-07-09T09:48:14","date_gmt":"2021-07-09T09:48:14","guid":{"rendered":"https:\/\/demo2wpopal.b-cdn.net\/bodoni\/?page_id=3"},"modified":"2022-05-04T07:35:49","modified_gmt":"2022-05-04T07:35:49","slug":"politique-de-confidentialite","status":"publish","type":"page","link":"https:\/\/louismax.com\/en\/politique-de-confidentialite\/","title":{"rendered":"Privacy Policy"},"content":{"rendered":"<h2>PERSONAL DATA PROTECTION POLICY<\/h2>\n<div>\u00a0<\/div>\n<div>For any further information on the protection of personal data, you can also consult the website of the Commission Informatique et Libert\u00e9 https:\/\/www.cnil.fr<\/div>\n<div>\u00a0<\/div>\n<h3>PERSON IN CHARGE OF PROCESSING PERSONAL DATA:<\/h3>\n<div>The personal data collected on the site are processed by:<\/div>\n<div>NSG VINS pour Louis Max, 6 rue de Chaux, 21700 Nuits-St-Georges<\/div>\n<div>\u00a0<\/div>\n<h3>COLLECTION OF PERSONAL DATA:<\/h3>\n<div>We need to collect some of your personal data in order to improve the ergonomics, the navigation within the site, the editorial content and the service to Internet users.<\/div>\n<div>\u00a0<\/div>\n<h3>HOW TO MANAGE THE USE OF MY PERSONAL DATA?<\/h3>\n<div>You can at any time withdraw your consent or make a request to oppose the collection and use of your personal data:<\/div>\n<div>\u00a0<\/div>\n<div>By email: <a href=\"mailto:contact@nsg-vins.com\">contact(at)nsg-vins.com<\/a><\/div>\n<div>By mail to the following address: NSG VINS pour Louis Max, 6 rue de Chaux, 21700 Nuits-St-Georges.<\/div>\n<div>By specifying the request for deletion of account<\/div>\n<div>\u00a0<\/div>\n<h3>MY RIGHTS REGARDING THE USE OF PERSONAL DATA<\/h3>\n<div>In accordance with the regulation on the protection of personal data, you can exercise your rights (of rectification, deletion, opposition, limitation and portability) and define the fate of your personal data by email (contact(at)nsg-vins.com) or by mail (NSG VINS pour Louis Max, 6 rue de Chaux, 21700 Nuits-St-Georges)<\/div>\n<div>\u00a0<\/div>\n<div>You also have the right to make a complaint to the Commission Nationale de l'Informatique et des Libert\u00e9s (CNIL) on its website www.cnil.fr<\/div>\n<div>\u00a0<\/div>\n<div>You can also make a complaint to the Data Protection Officer (DPO) who is responsible for guaranteeing the protection of personal data collected by NSG VINS pour Louis Max, at the following address: <a href=\"mailto:contact@nsg-vins.com\">contact(at)nsg-vins.com<\/a><\/div>\n<div>\u00a0<\/div>\n<div>\u00a0<\/div>","protected":false},"excerpt":{"rendered":"<p>POLITIQUE DE PROTECTION DES DONN\u00c9ES PERSONNELLES \u00a0 Pour toute information compl\u00e9mentaire sur la protection des donn\u00e9es personnelles, vous pouvez \u00e9galement consulter le site de la Commission Informatique et Libert\u00e9 https:\/\/www.cnil.fr \u00a0 RESPONSABLE DU TRAITEMENT DES DONN\u00c9ES PERSONNELLES : Les donn\u00e9es personnelles collect\u00e9es sur le site sont trait\u00e9es par : NSG VINS pour Louis Max, 6 [&hellip;]<\/p>\n","protected":false},"author":1,"featured_media":0,"parent":0,"menu_order":0,"comment_status":"closed","ping_status":"closed","template":"","meta":{"footnotes":""},"class_list":["post-379","page","type-page","status-publish","hentry"],"_links":{"self":[{"href":"https:\/\/louismax.com\/en\/wp-json\/wp\/v2\/pages\/379","targetHints":{"allow":["GET"]}}],"collection":[{"href":"https:\/\/louismax.com\/en\/wp-json\/wp\/v2\/pages"}],"about":[{"href":"https:\/\/louismax.com\/en\/wp-json\/wp\/v2\/types\/page"}],"author":[{"embeddable":true,"href":"https:\/\/louismax.com\/en\/wp-json\/wp\/v2\/users\/1"}],"replies":[{"embeddable":true,"href":"https:\/\/louismax.com\/en\/wp-json\/wp\/v2\/comments?post=379"}],"version-history":[{"count":0,"href":"https:\/\/louismax.com\/en\/wp-json\/wp\/v2\/pages\/379\/revisions"}],"wp:attachment":[{"href":"https:\/\/louismax.com\/en\/wp-json\/wp\/v2\/media?parent=379"}],"curies":[{"name":"wp","href":"https:\/\/api.w.org\/{rel}","templated":true}]}}